{"id":28,"date":"2019-05-15T04:37:41","date_gmt":"2019-05-15T04:37:41","guid":{"rendered":"http:\/\/bds06.maxwebsite.vn\/?page_id=28"},"modified":"2019-05-16T11:32:52","modified_gmt":"2019-05-16T11:32:52","slug":"chinh-sach","status":"publish","type":"page","link":"https:\/\/bds06.maxwebsite.vn\/?page_id=28","title":{"rendered":"CH\u00cdNH S\u00c1CH"},"content":{"rendered":"\t<section class=\"section\" id=\"section_347407951\">\n\t\t<div class=\"bg section-bg fill bg-fill  \" >\n\n\t\t\t\n\t\t\t\n\t\t\t\n\n\t\t<\/div><!-- .section-bg -->\n\n\t\t<div class=\"section-content relative\">\n\t\t\t\n<div class=\"row\"  id=\"row-899053180\">\n<div class=\"col thongbao-head small-12 large-12\"  ><div class=\"col-inner text-center\"  >\n<h3 class=\"title-cs\">CH\u00cdNH S\u00c1CH B\u00c1N H\u00c0NG H\u1ea0 LONG BAY VIEW<\/h3>\n<p class=\"text-cs\">Th\u1eddi gian \u00e1p d\u1ee5ng t\u1eeb ng\u00e0y 01\/07\/2018 \u0111\u1ebfn khi c\u00f3 th\u00f4ng b\u00e1o m\u1edbi<\/p>\n<\/div><\/div>\n\n<style scope=\"scope\">\n\n<\/style>\n<\/div>\n\t\t<\/div><!-- .section-content -->\n\n\t\t\n<style scope=\"scope\">\n\n#section_347407951 {\n  padding-top: 30px;\n  padding-bottom: 30px;\n  min-height: 300px;\n}\n#section_347407951 .section-bg.bg-loaded {\n  background-image: url(https:\/\/bds06.maxwebsite.vn\/wp-content\/uploads\/2019\/05\/banner2.jpg);\n}\n<\/style>\n\t<\/section>\n\t\n\t<section class=\"section tiendo\" id=\"section_1287323148\">\n\t\t<div class=\"bg section-bg fill bg-fill  bg-loaded\" >\n\n\t\t\t\n\t\t\t\n\t\t\t\n\n\t\t<\/div><!-- .section-bg -->\n\n\t\t<div class=\"section-content relative\">\n\t\t\t\n<div class=\"row\"  id=\"row-587620412\">\n<div class=\"col medium-8 small-12 large-8\"  ><div class=\"col-inner\"  >\n<h3>I. TI\u1ebeN \u0110\u1ed8 THANH TO\u00c1N C\u0102N H\u1ed8 H\u1ea0 LONG BAY VIEW<\/h3>\n<p>1. Th\u1eddi gian \u00e1p d\u1ee5ng: t\u1eeb ng\u00e0y 01\/07\/2018.<br \/>\n2. D\u00e0nh cho: Kh\u00e1ch h\u00e0ng (\u201cKH\u201d) mua c\u0103n h\u1ed9 t\u1ea1i D\u1ef1 \u00e1n H\u1ea1 Long Bay View.<br \/>\n3. \u0110i\u1ec1u ki\u1ec7n \u00e1p d\u1ee5ng: Ch\u00ednh s\u00e1ch n\u00e0y ch\u1ec9 \u00e1p d\u1ee5ng \u0111\u1ed1i v\u1edbi c\u00e1c KH \u0111\u00e3 k\u00fd H\u0110MB v\u00e0<br \/>\nho\u00e0n th\u00e0nh \u0111\u1ee7 ngh\u0129a v\u1ee5 t\u00e0i ch\u00ednh \u0110\u1ee3t 1 (\u0111\u00e3 bao g\u1ed3m VAT), k\u1ec3 t\u1eeb ng\u00e0y 01\/07\/2018.<\/p>\n<\/div><\/div>\n<div class=\"col tdtt small-12 large-12\"  ><div class=\"col-inner\"  >\n<p>4. Ti\u1ebfn \u0111\u1ed9 thanh to\u00e1n:<\/p>\n<\/p>\n<div class=\"row\"  id=\"row-799657016\">\n<div class=\"col small-12 large-12\"  ><div class=\"col-inner\"  >\n<table style=\"height: 126px; width: 99.7973%; border-collapse: collapse; border-style: solid;\" border=\"1\">\n<tbody>\n<tr style=\"height: 21px;\">\n<th style=\"width: 33.3333%; height: 21px;\"><strong>\u0110\u1ee2T THANH TO\u00c1N<\/strong><\/th>\n<th style=\"width: 33.3333%; height: 21px;\"><strong>S\u1ed0 TI\u1ec0N THANH TO\u00c1N<\/strong><\/th>\n<th style=\"width: 33.1307%;\"><strong>TI\u1ebeN \u0110\u1ed8\/TH\u1edcI H\u1ea0N<\/strong><\/th>\n<\/tr>\n<tr style=\"height: 21px;\">\n<td style=\"width: 33.3333%; height: 21px;\">Thanh to\u00e1n l\u1ea7n 1<\/td>\n<td style=\"width: 33.3333%; height: 21px;\">15% Gi\u00e1 b\u00e1n c\u0103n h\u1ed9 (g\u1ed3m thu\u1ebf GTGT) \u0111\u00e3 bao g\u1ed3m ti\u1ec1n \u0111\u1eb7t c\u1ecdc<\/td>\n<td style=\"width: 33.1307%; height: 21px;\">Thanh to\u00e1n trong v\u00f2ng 10 ng\u00e0y k\u1ec3 t\u1eeb ng\u00e0y \u0111\u1eb7t c\u1ecdc<\/td>\n<\/tr>\n<tr style=\"height: 21px;\">\n<td style=\"width: 33.3333%; height: 21px;\">Thanh to\u00e1n l\u1ea7n 2<\/td>\n<td style=\"width: 33.3333%; height: 21px;\">15% Gi\u00e1 b\u00e1n c\u0103n h\u1ed9 (g\u1ed3m thu\u1ebf GTGT)<\/td>\n<td style=\"width: 33.1307%; height: 21px;\">Sau 60 ng\u00e0y k\u1ec3 t\u1eeb ng\u00e0y k\u00fd H\u0110MB<\/td>\n<\/tr>\n<tr style=\"height: 21px;\">\n<td style=\"width: 33.3333%; height: 21px;\">Thanh to\u00e1n l\u1ea7n 3<\/td>\n<td style=\"width: 33.3333%; height: 21px;\">15% Gi\u00e1 b\u00e1n c\u0103n h\u1ed9 (g\u1ed3m thu\u1ebf GTGT)<\/td>\n<td style=\"width: 33.1307%; height: 21px;\">Sau 90 ng\u00e0y k\u1ec3 t\u1eeb ng\u00e0y k\u00fd H\u0110MB<\/td>\n<\/tr>\n<tr style=\"height: 21px;\">\n<td style=\"width: 33.3333%; height: 21px;\">Thanh to\u00e1n l\u1ea7n 4<\/td>\n<td style=\"width: 33.3333%; height: 21px;\">25% Gi\u00e1 b\u00e1n c\u0103n h\u1ed9 (g\u1ed3m thu\u1ebf GTGT)<\/td>\n<td style=\"width: 33.1307%; height: 21px;\">Sau 240 ng\u00e0y k\u1ec3 t\u1eeb ng\u00e0y k\u00fd H\u0110MB<\/td>\n<\/tr>\n<tr style=\"height: 21px;\">\n<td style=\"width: 33.3333%; height: 21px;\">Thanh to\u00e1n l\u1ea7n 5<\/td>\n<td style=\"width: 33.3333%;\">25% Gi\u00e1 b\u00e1n c\u0103n h\u1ed9 (g\u1ed3m thu\u1ebf GTGT) + 2% Kinh ph\u00ed b\u1ea3o tr\u00ec + thu\u1ebf GTGT c\u1ee7a \u0111\u1ee3t thanh to\u00e1n l\u1ea7n 6<\/td>\n<td style=\"width: 33.1307%; height: 21px;\">Khi nh\u1eadn th\u00f4ng b\u00e1o b\u00e0n giao c\u0103n h\u1ed9 c\u1ee7a b\u00ean B\u00e1n, d\u1ef1 ki\u1ebfn th\u00e1ng 05\/2019<\/td>\n<\/tr>\n<\/tbody>\n<\/table>\n<\/div><\/div>\n<\/div>\n<\/div><\/div>\n<div class=\"col dangki-cs small-12 large-12\"  ><div class=\"col-inner text-center\" style=\"background-color:rgb(48, 34, 78);padding:20px 0px 0px 0px;\" >\n<h3>\u0110\u1eebng b\u1ecf l\u1ee1 c\u01a1 h\u1ed9i s\u1edf h\u1eefu c\u0103n t\u1ea7ng \u0111\u1eb9p nh\u1ea5t!<\/h3>\n<h1>\u0110\u0102NG K\u00dd NH\u1eacN NGAY TR\u1eccN B\u1ed8 M\u1eb6T B\u1eb0NG V\u00c0 B\u1ea2NG GI\u00c1<\/h1>\n<h3>HOTLINE: 0968 980 280<\/h3>\n<div class=\"row\"  id=\"row-1163707906\">\n<div class=\"col login-cs small-12 large-12\"  ><div class=\"col-inner\"  >\n<div role=\"form\" class=\"wpcf7\" id=\"wpcf7-f204-o1\" lang=\"vi\" dir=\"ltr\">\n<div class=\"screen-reader-response\"><\/div>\n<form action=\"\/index.php?rest_route=%2Fwp%2Fv2%2Fpages%2F28#wpcf7-f204-o1\" method=\"post\" class=\"wpcf7-form\" novalidate=\"novalidate\">\n<div style=\"display: none;\">\n<input type=\"hidden\" name=\"_wpcf7\" value=\"204\" \/>\n<input type=\"hidden\" name=\"_wpcf7_version\" value=\"5.1.1\" \/>\n<input type=\"hidden\" name=\"_wpcf7_locale\" value=\"vi\" \/>\n<input type=\"hidden\" name=\"_wpcf7_unit_tag\" value=\"wpcf7-f204-o1\" \/>\n<input type=\"hidden\" name=\"_wpcf7_container_post\" value=\"0\" \/>\n<input type=\"hidden\" name=\"g-recaptcha-response\" value=\"\" \/>\n<\/div>\n<div class=\"login\">\n<ul>\n<li><span class=\"wpcf7-form-control-wrap text-409\"><input type=\"text\" name=\"text-409\" value=\"\" size=\"40\" class=\"wpcf7-form-control wpcf7-text\" aria-invalid=\"false\" placeholder=\"H\u1ecd v\u00e0 t\u00ean\" \/><\/span> <\/li>\n<li><span class=\"wpcf7-form-control-wrap tel-335\"><input type=\"tel\" name=\"tel-335\" value=\"\" size=\"40\" class=\"wpcf7-form-control wpcf7-text wpcf7-tel wpcf7-validates-as-tel\" aria-invalid=\"false\" placeholder=\"S\u1ed1 \u0111i\u1ec7n tho\u1ea1i\" \/><\/span><\/li>\n<li><span class=\"wpcf7-form-control-wrap email-447\"><input type=\"email\" name=\"email-447\" value=\"\" size=\"40\" class=\"wpcf7-form-control wpcf7-text wpcf7-email wpcf7-validates-as-email\" aria-invalid=\"false\" placeholder=\"Email\" \/><\/span><\/li>\n<li class=\"submit-login\"><input type=\"submit\" value=\"\u0110\u0102NG K\u00cd\" class=\"wpcf7-form-control wpcf7-submit\" \/><\/li>\n<\/ul>\n<\/div>\n<div class=\"wpcf7-response-output wpcf7-display-none\"><\/div><\/form><\/div>\n<\/div><\/div>\n<\/div>\n<\/div><\/div>\n<\/div>\n\t\t<\/div><!-- .section-content -->\n\n\t\t\n<style scope=\"scope\">\n\n#section_1287323148 {\n  padding-top: 30px;\n  padding-bottom: 30px;\n}\n<\/style>\n\t<\/section>\n\t\n\t<section class=\"section chuongtrinh\" id=\"section_710265625\">\n\t\t<div class=\"bg section-bg fill bg-fill  bg-loaded\" >\n\n\t\t\t\n\t\t\t\n\t\t\t\n\n\t\t<\/div><!-- .section-bg -->\n\n\t\t<div class=\"section-content relative\">\n\t\t\t\n<div class=\"row\"  id=\"row-867813424\">\n<div class=\"col medium-6 small-12 large-6\"  ><div class=\"col-inner\"  >\n<h2>II. CH\u01af\u01a0NG TR\u00ccNH \u01afU \u0110\u00c3I T\u00c0I CH\u00cdNH<\/h2>\n<p>1. Ch\u01b0\u01a1ng tr\u00ecnh h\u1ed7 tr\u1ee3 l\u00e3i su\u1ea5t (HTLS):<br \/>\nNg\u00e2n h\u00e0ng SHB ho\u1eb7c ng\u00e2n h\u00e0ng kh\u00e1c theo ch\u1ec9 \u0111\u1ecbnh c\u1ee7a Ch\u1ee7 \u0111\u1ea7u t\u01b0 t\u1ea1i th\u1eddi \u0111i\u1ec3m b\u00e1n h\u00e0ng:<\/p>\n<table style=\"width: 100%; border-collapse: collapse; height: 126px;\" border=\"1\">\n<tbody>\n<tr style=\"height: 21px;\">\n<th style=\"width: 50%; height: 21px;\"><strong>CH\u00cdNH S\u00c1CH<\/strong><\/th>\n<th style=\"width: 50%; height: 21px;\"><strong>CHI TI\u1ebeT<\/strong><\/th>\n<\/tr>\n<tr style=\"height: 21px;\">\n<td style=\"width: 50%; height: 21px;\">Th\u1eddi gian vay<\/td>\n<td style=\"width: 50%; height: 21px;\">L\u00ean t\u1edbi 25 n\u0103m<\/td>\n<\/tr>\n<tr style=\"height: 21px;\">\n<td style=\"width: 50%; height: 21px;\">T\u1ef7 l\u1ec7 cho vay c\u1ee7a ng\u00e2n h\u00e0ng<\/td>\n<td style=\"width: 50%; height: 21px;\">L\u00ean t\u1edbi 75% gi\u00e1 b\u00e1n c\u0103n h\u1ed9, trong \u0111\u00f3 C\u0110T h\u1ed7 tr\u1ee3 l\u00e3i vay 65%.<\/td>\n<\/tr>\n<tr style=\"height: 21px;\">\n<td style=\"width: 50%; height: 21px;\">Th\u1eddi gian h\u1ed7 tr\u1ee3 l\u00e3i su\u1ea5t t\u1ed1i \u0111a<\/td>\n<td style=\"width: 50%; height: 21px;\">18 th\u00e1ng k\u1ec3 t\u1eeb ng\u00e0y gi\u1ea3i ng\u00e2n c\u1ee7a kho\u1ea3n vay.<\/td>\n<\/tr>\n<tr style=\"height: 21px;\">\n<td style=\"width: 50%; height: 21px;\">L\u00e3i su\u1ea5t vay v\u1ed1n (trong v\u00e0 sau th\u1eddi gian HTLS)<\/td>\n<td style=\"width: 50%; height: 21px;\">\u2013 0%\/th\u00e1ng trong th\u1eddi gian h\u1ed7 tr\u1ee3.<\/td>\n<\/tr>\n<tr style=\"height: 21px;\">\n<td style=\"width: 50%; height: 21px;\">\u00c2n h\u1ea1n tr\u1ea3 n\u1ee3 g\u1ed1c<\/td>\n<td style=\"width: 50%; height: 21px;\">KH \u0111\u01b0\u1ee3c \u00e2n h\u1ea1n tr\u1ea3 n\u1ee3 g\u1ed1c trong th\u1eddi gian \u0111\u01b0\u1ee3c HTLS<\/td>\n<\/tr>\n<\/tbody>\n<\/table>\n<ul>\n<li>\u00c1p d\u1ee5ng \u0111\u1ed1i v\u1edbi Kh\u00e1ch h\u00e0ng l\u00e0 C\u00e1 nh\u00e2n (\u201cKHCN\u201d) \u0111\u1ee9ng t\u00ean trong H\u0110MB. Kh\u00e1ch h\u00e0ng l\u00e0 Doanh nghi\u1ec7p (\u201cKHDN\u201d) \u0111\u01b0\u1ee3c Ch\u1ee7 \u0111\u1ea7u t\u01b0 h\u1ed7 tr\u1ee3 l\u00e3i su\u1ea5t v\u1edbi m\u1ee9c t\u1ed1i \u0111a b\u1eb1ng L\u00e3i su\u1ea5t h\u1ed7 tr\u1ee3 cho KHCN. Ph\u1ea7n l\u00e3i su\u1ea5t v\u01b0\u1ee3t m\u1ee9c h\u1ed7 tr\u1ee3 tr\u00ean (n\u1ebfu c\u00f3), KHDN t\u1ef1 chi tr\u1ea3 v\u1edbi Ng\u00e2n h\u00e0ng.<\/li>\n<li>L\u01b0u \u00fd: KH c\u00f3 th\u1ec3 vay v\u1ed1n Ng\u00e2n h\u00e0ng v\u1edbi th\u1eddi h\u1ea1n vay l\u00ean t\u1edbi 25 n\u0103m, t\u1ef7 l\u1ec7 vay v\u1ed1n t\u1ed1i \u0111a v\u1edbi t\u1eebng tr\u01b0\u1eddng h\u1ee3p c\u1ee5 th\u1ec3 tu\u00e2n theo c\u00e1c \u0111i\u1ec1u ki\u1ec7n vay v\u1ed1n c\u1ee7a Ng\u00e2n h\u00e0ng ch\u1ec9 \u0111\u1ecbnh. Trong m\u1ecdi tr\u01b0\u1eddng h\u1ee3p Ch\u1ee7 \u0111\u1ea7u t\u01b0 ch\u1ec9 HTLS trong th\u1eddi gian HTLS n\u00eau tr\u00ean v\u00e0 Kh\u00e1ch h\u00e0ng \u0111\u00e1p \u1ee9ng \u0111\u1ea7y \u0111\u1ee7 c\u00e1c \u0111i\u1ec1u ki\u1ec7n cho vay c\u1ee7a Ng\u00e2n h\u00e0ng SHB.<\/li>\n<\/ul>\n<\/div><\/div>\n<div class=\"col medium-6 small-12 large-6\"  ><div class=\"col-inner\"  >\n<p>2. Ti\u1ebfn \u0111\u1ed9 thanh to\u00e1n \u00e1p d\u1ee5ng v\u1edbi KH tham gia Ch\u01b0\u01a1ng tr\u00ecnh H\u1ed7 tr\u1ee3 l\u00e3i su\u1ea5t:<\/p>\n<table style=\"width: 100%; border-collapse: collapse;\" border=\"1\">\n<tbody>\n<tr>\n<th style=\"width: 33.3333%;\"><strong>TI\u1ebeN \u0110\u1ed8 THANH TO\u00c1N<\/strong><\/th>\n<th style=\"width: 33.3333%;\"><strong>T\u1ef6 L\u1ec6 THANH TO\u00c1N \u2013 KH\u00c1CH H\u00c0NG<\/strong><\/th>\n<th style=\"width: 33.3333%;\"><strong>T\u1ef6 L\u1ec6 THANH TO\u00c1N \u2013 NG\u00c2N H\u00c0NG<\/strong><\/th>\n<\/tr>\n<tr>\n<td style=\"width: 33.3333%;\">Thanh to\u00e1n l\u1ea7n 1<\/p>\n<p>K\u00fd H\u0110MB Trong v\u00f2ng 10 ng\u00e0y k\u1ec3 t\u1eeb ng\u00e0y \u0111\u1eb7t c\u1ecdc<\/td>\n<td style=\"width: 33.3333%;\">15% Gi\u00e1 b\u00e1n c\u0103n h\u1ed9 (g\u1ed3m thu\u1ebf GTGT) \u0111\u00e3 bao g\u1ed3m ti\u1ec1n \u0111\u1eb7t c\u1ecdc<\/td>\n<td style=\"width: 33.3333%;\">\u00a0<\/td>\n<\/tr>\n<tr>\n<td style=\"width: 33.3333%;\">Thanh to\u00e1n l\u1ea7n 2<\/p>\n<p>Trong v\u00f2ng 60 ng\u00e0y k\u1ec3 t\u1eeb ng\u00e0y k\u00fd H\u0110MB<\/td>\n<td style=\"width: 33.3333%;\">5% Gi\u00e1 b\u00e1n c\u0103n h\u1ed9 (g\u1ed3m thu\u1ebf GTGT)<\/td>\n<td style=\"width: 33.3333%;\">20% Gi\u00e1 b\u00e1n c\u0103n h\u1ed9 (g\u1ed3m thu\u1ebf GTGT)<\/td>\n<\/tr>\n<tr>\n<td style=\"width: 33.3333%;\">Thanh to\u00e1n l\u1ea7n 3<\/p>\n<p>Trong v\u00f2ng 90 ng\u00e0y k\u1ec3 t\u1eeb ng\u00e0y k\u00fd H\u0110MB<\/td>\n<td style=\"width: 33.3333%;\">5% Gi\u00e1 b\u00e1n c\u0103n h\u1ed9 (g\u1ed3m thu\u1ebf GTGT)<\/td>\n<td style=\"width: 33.3333%;\">\u00a0<\/td>\n<\/tr>\n<tr>\n<td style=\"width: 33.3333%;\">Thanh to\u00e1n l\u1ea7n 4<\/p>\n<p>Trong v\u00f2ng 240 ng\u00e0y k\u1ec3 t\u1eeb ng\u00e0y k\u00fd H\u0110MB<\/td>\n<td style=\"width: 33.3333%;\">\u00a0<\/td>\n<td style=\"width: 33.3333%;\">25% Gi\u00e1 b\u00e1n c\u0103n h\u1ed9 (g\u1ed3m thu\u1ebf VAT)<\/td>\n<\/tr>\n<tr>\n<td style=\"width: 33.3333%;\">Thanh to\u00e1n l\u1ea7n 5<\/p>\n<p>Khi B\u00ean B\u00e1n th\u00f4ng b\u00e1o b\u00e0n giao nh\u00e0 B\u00ean Mua, d\u1ef1 ki\u1ebfn th\u00e1ng 5\/2019<\/td>\n<td style=\"width: 33.3333%;\">5% Gi\u00e1 b\u00e1n c\u0103n h\u1ed9 (g\u1ed3m thu\u1ebf GTGT)<\/td>\n<td style=\"width: 33.3333%;\">20% Gi\u00e1 b\u00e1n c\u0103n h\u1ed9 (g\u1ed3m thu\u1ebf VAT) + 2% Kinh ph\u00ed b\u1ea3o tr\u00ec + thu\u1ebf GTGT c\u1ee7a \u0111\u1ee3t thanh to\u00e1n l\u1ea7n 6<\/td>\n<\/tr>\n<tr>\n<td style=\"width: 33.3333%;\">Thanh to\u00e1n l\u1ea7n 6<\/p>\n<p>Khi B\u00ean B\u00e1n th\u00f4ng b\u00e1o cho B\u00ean Mua l\u00e0m th\u1ee7 t\u1ee5c c\u1ea5p Gi\u1ea5y ch\u1ee9ng nh\u1eadn v\u1edbi c\u01a1 quan c\u00f3 th\u1ea9m quy\u1ec1n<\/td>\n<td style=\"width: 33.3333%;\">5% Gi\u00e1 b\u00e1n c\u0103n h\u1ed9 (g\u1ed3m thu\u1ebf GTGT)<\/td>\n<td style=\"width: 33.3333%;\">\u00a0<\/td>\n<\/tr>\n<\/tbody>\n<\/table>\n<\/div><\/div>\n<div class=\"col ctud small-12 large-12\"  ><div class=\"col-inner\"  >\n<p>3. Ch\u00ednh s\u00e1ch \u01b0u \u0111\u00e3i d\u00e0nh cho kh\u00e1ch h\u00e0ng kh\u00f4ng tham gia H\u1ed7 tr\u1ee3 l\u00e3i su\u1ea5t:.<br \/>\n\u2013 Kh\u00e1ch h\u00e0ng kh\u00f4ng tham gia ch\u01b0\u01a1ng tr\u00ecnh H\u1ed7 tr\u1ee3 l\u00e3i su\u1ea5t \u0111\u01b0\u1ee3c chi\u1ebft kh\u1ea5u 6% v\u00e0o gi\u00e1 b\u00e1n c\u0103n h\u1ed9 (kh\u00f4ng bao g\u1ed3m VAT v\u00e0 KPBT).<br \/>\n4. Ch\u00ednh s\u00e1ch d\u00e0nh cho kh\u00e1ch h\u00e0ng kh\u00f4ng nh\u1eadn g\u00f3i trang b\u1ecb n\u1ed9i th\u1ea5t \u0111\u1ed3 r\u1eddi.<br \/>\n\u2013 Kh\u00e1ch h\u00e0ng kh\u00f4ng tham gia ch\u01b0\u01a1ng tr\u00ecnh H\u1ed7 tr\u1ee3 l\u00e3i su\u1ea5t \u0111\u01b0\u1ee3c chi\u1ebft kh\u1ea5u 6% v\u00e0o gi\u00e1 b\u00e1n c\u0103n h\u1ed9 (kh\u00f4ng bao g\u1ed3m VAT v\u00e0 KPBT)..<br \/>\n5. Ch\u00ednh s\u00e1ch \u01b0u \u0111\u00e3i d\u00e0nh cho kh\u00e1ch h\u00e0ng thanh to\u00e1n s\u1edbm:.<br \/>\n\u2013 Kh\u00e1ch h\u00e0ng thanh to\u00e1n s\u1edbm \u0111\u1ebfn 95% t\u1ed5ng gi\u00e1 b\u00e1n c\u0103n h\u1ed9 b\u1eb1ng v\u1ed1n t\u1ef1 c\u00f3 t\u1ea1i th\u1eddi \u0111i\u1ec3m k\u00fd H\u0110MB \u0111\u01b0\u1ee3c h\u01b0\u1edfng m\u1ee9c \u01b0u \u0111\u00e3i chi\u1ebft kh\u1ea5u 7%\/n\u0103m tr\u00ean gi\u00e1 tr\u1ecb thanh to\u00e1n s\u1edbm, v\u1edbi s\u1ed1 ng\u00e0y thanh to\u00e1n s\u1edbm so v\u1edbi ti\u1ebfn \u0111\u1ed9 \u0111\u00f3ng ti\u1ec1n (kh\u00f4ng bao g\u1ed3m VAT v\u00e0 KPBT). Kho\u1ea3n ti\u1ec1n n\u00e0y \u0111\u01b0\u1ee3c gi\u1ea3m tr\u1eeb v\u00e0o gi\u00e1 b\u00e1n c\u0103n h\u1ed9 th\u1eddi \u0111i\u1ec3m k\u00fd h\u1ee3p \u0111\u1ed3ng..<br \/>\n\u2013 C\u00e1c m\u1ee9c chi\u1ebft kh\u1ea5u n\u00e0y c\u00f3 th\u1ec3 thay \u0111\u1ed5i m\u00e0 kh\u00f4ng c\u1ea7n b\u00e1o tr\u01b0\u1edbc..<br \/>\n\u2013 C\u00e1c ch\u00ednh s\u00e1ch \u01b0u \u0111\u00e3i n\u00eau tr\u00ean c\u00f3 th\u1ec3 \u00e1p d\u1ee5ng ri\u00eang l\u1ebb ho\u1eb7c \u0111\u01b0\u1ee3c g\u1ed9p \u0111\u1ed3ng th\u1eddi tr\u01b0\u1eddng h\u1ee3p kh\u00e1ch h\u00e0ng kh\u00f4ng s\u1eed d\u1ee5ng nhi\u1ec1u ch\u01b0\u01a1ng tr\u00ecnh \u01b0u \u0111\u00e3i c\u00f9ng l\u00fac.<\/p>\n<\/div><\/div>\n<\/div>\n\t\t<\/div><!-- .section-content -->\n\n\t\t\n<style scope=\"scope\">\n\n#section_710265625 {\n  padding-top: 30px;\n  padding-bottom: 30px;\n}\n<\/style>\n\t<\/section>\n\t\n\t<section class=\"section phuongan\" id=\"section_304712677\">\n\t\t<div class=\"bg section-bg fill bg-fill  bg-loaded\" >\n\n\t\t\t\n\t\t\t\n\t\t\t\n\n\t\t<\/div><!-- .section-bg -->\n\n\t\t<div class=\"section-content relative\">\n\t\t\t\n<div class=\"row\"  id=\"row-1780119971\">\n<div class=\"col small-12 large-12\"  ><div class=\"col-inner\"  >\n<h2>III. PH\u01af\u01a0NG \u00c1N KHAI TH\u00c1C KINH DOANH C\u0102N H\u1ed8<\/h2>\n<p>1. \u0110\u1ec3 \u1edf c\u00f3 h\u00ecnh th\u00e0nh \u0111\u01a1n v\u1ecb \u1edf v\u00e0 ngh\u1ec9 d\u01b0\u1ee1ng<br \/>\n2. T\u1ef1 khai th\u00e1c kinh doanh<br \/>\n3. \u1ee6y th\u00e1c kinh doanh<br \/>\n\u2013 \u0110\u1ec3 \u0111\u1ea3m b\u1ea3o hi\u1ec7u qu\u1ea3 kinh doanh c\u0103n h\u1ed9 Ch\u1ee7 \u0111\u1ea7u t\u01b0 \u1ee6y quy\u1ec1n cho \u0111\u01a1n v\u1ecb qu\u1ea3n l\u00fd v\u1eadn h\u00e0nh tr\u1ef1c ti\u1ebfp nh\u1eadn \u1ee6y th\u00e1c c\u1ee7a kh\u00e1ch h\u00e0ng khai th\u00e1c khu c\u0103n h\u1ed9 d\u1ecbch v\u1ee5 cho kh\u00e1ch h\u00e0ng n\u00e0o c\u00f3 nhu c\u1ea7u k\u00fd g\u1eedi.<\/p>\n<p>V\u00e0 chi ti\u1ebft nh\u01b0 sau :<\/p>\n<table style=\"width: 100%; border-collapse: collapse; height: 273px;\" border=\"1\">\n<tbody>\n<tr style=\"height: 21px;\">\n<th style=\"width: 50%; height: 21px;\"><strong>N\u1ed8I DUNG<\/strong><\/th>\n<th style=\"width: 50%; height: 21px;\">\u00a0<\/th>\n<\/tr>\n<tr style=\"height: 21px;\">\n<td style=\"width: 50%; height: 21px;\">Cam k\u1ebft l\u1ee3i nhu\u1eadn<\/td>\n<td style=\"width: 50%; height: 21px;\">Kh\u00f4ng cam k\u1ebft<\/td>\n<\/tr>\n<tr style=\"height: 63px;\">\n<td style=\"width: 50%; height: 63px;\">Ph\u00e2n chia l\u1ee3i nhu\u1eadn t\u1eeb ho\u1ea1t \u0111\u1ed9ng kinh doanh c\u0103n h\u1ed9<\/td>\n<td style=\"width: 50%; height: 63px;\">90% \u2013 10% (Kh\u00e1ch h\u00e0ng 90% \u2013 \u0110\u01a1n v\u1ecb Qu\u1ea3n l\u00fd v\u00e0 kinh doanh c\u0103n h\u1ed9 d\u1ecbch v\u1ee5)<\/td>\n<\/tr>\n<tr style=\"height: 21px;\">\n<td style=\"width: 50%; height: 21px;\">\u0110i\u1ec1u ki\u1ec7n b\u00e0n giao c\u0103n h\u1ed9<\/td>\n<td style=\"width: 50%; height: 21px;\">Full n\u1ed9i th\u1ea5t<\/td>\n<\/tr>\n<tr style=\"height: 42px;\">\n<td style=\"width: 50%; height: 42px;\">\u0110\u01a1n v\u1ecb qu\u1ea3n l\u00fd v\u1eadn h\u00e0nh d\u1ef1 ki\u1ebfn<\/td>\n<td style=\"width: 50%; height: 42px;\">Welham Vi\u1ec7t Nam<\/td>\n<\/tr>\n<tr style=\"height: 42px;\">\n<td style=\"width: 50%; height: 42px;\">Quy\u1ec1n l\u1ee3i \u0111\u01b0\u1ee3c khi tham gia k\u00fd g\u1eedi<\/td>\n<td style=\"width: 50%; height: 42px;\">\u0110\u01b0\u1ee3c h\u01b0\u1edfng 15 \u0111\u00eam mi\u1ec5n ph\u00ed\/n\u0103m<\/td>\n<\/tr>\n<tr style=\"height: 42px;\">\n<td style=\"width: 50%; height: 42px;\">Ph\u00ed d\u1ecbch v\u1ee5 qu\u1ea3n l\u00fd v\u1eadn h\u00e0nh<\/td>\n<td style=\"width: 50%; height: 42px;\">\n<p>\u2013 \u0110\u1ed1i v\u1edbi c\u0103n h\u1ed9 d\u1ecbch v\u1ee5 l\u00e0 12.000 \u0111\/m2 (ch\u01b0a bao g\u1ed3m VAT)<\/p>\n<p>\u2013 \u0110\u1ed1i v\u1edbi c\u0103n h\u1ed9 \u0111\u1ec3 \u1edf ph\u00ed d\u1ecbch v\u1ee5 l\u00e0 6000 \u0111\/m2\/th\u00e1ng (ch\u01b0a bao g\u1ed3m VAT)<\/p>\n<\/td>\n<\/tr>\n<tr style=\"height: 21px;\">\n<td style=\"width: 50%; height: 21px;\">S\u1eed d\u1ee5ng d\u1ecbch v\u1ee5<\/td>\n<td style=\"width: 50%; height: 21px;\">\u0110\u1ed1i v\u1edbi ch\u1ee7 s\u1edf h\u1eefu c\u0103n h\u1ed9 \u0111\u01b0\u1ee3c h\u01b0\u1edfng mi\u1ec5n ph\u00ed t\u1eadp GYM, x\u00f4ng h\u01a1i \u01b0\u1edbt kh\u00f4, ph\u00f2ng t\u1eadp yoga trong 03 n\u0103m k\u1ec3 t\u1eeb khi b\u00e0n giao.<\/td>\n<\/tr>\n<\/tbody>\n<\/table>\n<ul>\n<li>\nL\u01b0u \u00fd: M\u1ee5c 1 v\u00e0 2 trong th\u1eddi gian 03 n\u0103m \u0111\u1ea7u Ch\u1ee7 c\u0103n h\u1ed9 n\u00ean \u1ee6y th\u00e1c cho \u0110\u01a1n v\u1ecb qu\u1ea3n l\u00fd v\u1eadn h\u00e0nh T\u00f2a nh\u00e0 \u0111\u1ec3 D\u1ef1 \u00e1n \u0111i v\u00e0o \u1ed5n \u0111\u1ecbnh v\u00e0 hi\u1ec7u qu\u1ea3, sau 03 n\u0103m Ch\u1ee7 c\u0103n h\u1ed9 \u0111\u01b0\u1ee3c t\u1ef1 do s\u1eed d\u1ee5ng theo quy \u0111\u1ecbnh c\u1ee7a Quy ch\u1ebf Ban Qu\u1ea3n tr\u1ecb do theo quy \u0111\u1ecbnh c\u1ee7a ph\u00e1p lu\u1eadt, quy \u0111\u1ecbnh c\u1ee7a Ch\u1ee7 \u0111\u1ea7u t\u01b0 ban h\u00e0nh.\n<\/li>\n<\/ul>\n<\/div><\/div>\n<\/div>\n\t\t<\/div><!-- .section-content -->\n\n\t\t\n<style scope=\"scope\">\n\n#section_304712677 {\n  padding-top: 30px;\n  padding-bottom: 30px;\n}\n<\/style>\n\t<\/section>\n\t\n","protected":false},"excerpt":{"rendered":"","protected":false},"author":1,"featured_media":0,"parent":0,"menu_order":0,"comment_status":"closed","ping_status":"closed","template":"page-blank.php","meta":[],"_links":{"self":[{"href":"https:\/\/bds06.maxwebsite.vn\/index.php?rest_route=\/wp\/v2\/pages\/28"}],"collection":[{"href":"https:\/\/bds06.maxwebsite.vn\/index.php?rest_route=\/wp\/v2\/pages"}],"about":[{"href":"https:\/\/bds06.maxwebsite.vn\/index.php?rest_route=\/wp\/v2\/types\/page"}],"author":[{"embeddable":true,"href":"https:\/\/bds06.maxwebsite.vn\/index.php?rest_route=\/wp\/v2\/users\/1"}],"replies":[{"embeddable":true,"href":"https:\/\/bds06.maxwebsite.vn\/index.php?rest_route=%2Fwp%2Fv2%2Fcomments&post=28"}],"version-history":[{"count":25,"href":"https:\/\/bds06.maxwebsite.vn\/index.php?rest_route=\/wp\/v2\/pages\/28\/revisions"}],"predecessor-version":[{"id":215,"href":"https:\/\/bds06.maxwebsite.vn\/index.php?rest_route=\/wp\/v2\/pages\/28\/revisions\/215"}],"wp:attachment":[{"href":"https:\/\/bds06.maxwebsite.vn\/index.php?rest_route=%2Fwp%2Fv2%2Fmedia&parent=28"}],"curies":[{"name":"wp","href":"https:\/\/api.w.org\/{rel}","templated":true}]}}